{"id":564,"date":"2015-07-11T22:34:00","date_gmt":"2015-07-12T02:34:00","guid":{"rendered":"http:\/\/simoncotelapointe.com\/?page_id=564"},"modified":"2025-02-09T15:43:48","modified_gmt":"2025-02-09T19:43:48","slug":"accueil","status":"publish","type":"page","link":"https:\/\/simoncotelapointe.com\/","title":{"rendered":"\u00c0 propos"},"content":{"rendered":"<p><span style=\"font-size: 14pt;\"><span style=\"font-family: helvetica,arial,sans-serif; font-size: 18pt;\">Ce site se veut un lieu de convergence de mes diff\u00e9rents int\u00e9r\u00eats et de diffusion de mes multiples projets. Musique, vid\u00e9o, arts et archives : les champs couverts sont larges&#8230; L&#8217;id\u00e9e est aussi de rendre accessible le plus de travaux possibles en un seul endroit virtuel pour ainsi en faciliter le partage. Les principales sections du site sont\u00a0:<\/span><\/span><\/p>\n<hr \/>\n<h2><a href=\"http:\/\/simoncotelapointe.com\/?page_id=164\" target=\"_blank\" rel=\"noopener\">Nouvelles<\/a><\/h2>\n<p>\u2192 Dans la section <strong><a href=\"http:\/\/simoncotelapointe.com\/?page_id=164\">Nouvelles<\/a><\/strong>, vous trouverez, sous forme de blog, les plus r\u00e9cents billets qui portent autant sur mes projets que sur d&#8217;autres sujets d&#8217;int\u00e9r\u00eat.<\/p>\n<h2><a href=\"https:\/\/simoncotelapointe.com\/topochronies\/\" target=\"_blank\" rel=\"noopener\">Topochronies<\/a><\/h2>\n<p>\u2192 Le projet <strong><a href=\"http:\/\/simoncotelapointe.com\/?page_id=2\">Topochronies<\/a><\/strong> est une fresque de musiques progressives qui explore le subconscient collectif qu\u00e9b\u00e9cois \u00e0 travers les archives sonores compl\u00e9t\u00e9e en 2024. Cette section du site pr\u00e9sente la d\u00e9marche, les principales \u00e9tapes de cr\u00e9ation et les documents de travail en lien avec ce projet.<\/p>\n<h2><a href=\"http:\/\/simoncotelapointe.com\/?page_id=22\" target=\"_blank\" rel=\"noopener\">Archivoscope<\/a><\/h2>\n<p>\u2192 Le <strong><a href=\"http:\/\/simoncotelapointe.com\/?page_id=22\">Projet <em>Archivoscope<\/em>, archives et cr\u00e9ation<\/a><\/strong> : R\u00e9alis\u00e9 en 2015, ce projet exploratoire combine la cr\u00e9ation et l&#8217;archivistique \u00e0 travers le m\u00e9dium de la vid\u00e9o exp\u00e9rimentale.<\/p>\n<h2><a href=\"http:\/\/simoncotelapointe.com\/?page_id=2\" target=\"_blank\" rel=\"noopener\">Divine Com\u00e9die<\/a><\/h2>\n<p>\u2192 L&#8217;onglet <strong><a href=\"http:\/\/simoncotelapointe.com\/?page_id=2\">Projet Divine Com\u00e9die<\/a><\/strong> est enti\u00e8rement d\u00e9di\u00e9 au film <em>La Divine Com\u00e9die<\/em> r\u00e9alis\u00e9 en 2014 o\u00f9 sont pr\u00e9sent\u00e9es les \u00e9tapes et les documents de travail li\u00e9s \u00e0 la r\u00e9alisation du film.<\/p>\n<h2><a href=\"http:\/\/simoncotelapointe.com\/?page_id=26\" target=\"_blank\" rel=\"noopener\">Musique<\/a><\/h2>\n<p>\u2192 L&#8217;aspect <strong><a href=\"http:\/\/simoncotelapointe.com\/?page_id=26\">Musique<\/a><\/strong> couvre un large \u00e9ventail d&#8217;information sur une quantit\u00e9 de projets r\u00e9alis\u00e9s depuis pr\u00e8s de 20 ans. Du jazz \u00e0 la musique actuelle en passant par la musique de film et l&#8217;\u00e9lectroacoustique, plusieurs enregistrements et partitions sont disponibles en consultation directe sur le site.<\/p>\n<h2><a href=\"http:\/\/simoncotelapointe.com\/?page_id=128\" target=\"_blank\" rel=\"noopener\">Archivistique<\/a><\/h2>\n<p>\u2192 L&#8217;espace<strong> <a href=\"http:\/\/simoncotelapointe.com\/?page_id=128\">Archivistique<\/a><\/strong> porte sur les travaux, projets et id\u00e9es li\u00e9es aux archives, \u00e0 la biblioth\u00e9conomie et aux sciences de l&#8217;information.<\/p>\n<h2><a href=\"http:\/\/simoncotelapointe.com\/?page_id=20\" target=\"_blank\" rel=\"noopener\">Vid\u00e9os<\/a><\/h2>\n<p>\u2192 La section des <strong><a href=\"http:\/\/simoncotelapointe.com\/?page_id=20\">Vid\u00e9os<\/a><\/strong> pr\u00e9sente plusieurs courts ou moyens m\u00e9trages r\u00e9alis\u00e9s depuis 2010 qui explorent diverses techniques de manipulation du son et de l&#8217;image.<\/p>\n<h2><a href=\"http:\/\/simoncotelapointe.com\/?page_id=125\" target=\"_blank\" rel=\"noopener\">Arts visuels<\/a><\/h2>\n<p>\u2192 La section <strong><a href=\"http:\/\/simoncotelapointe.com\/?page_id=125\">Arts visuels<\/a><\/strong> regroupe quant \u00e0 elle plusieurs productions visuelles incluant les images cr\u00e9\u00e9es \u00e0 partir de fractales et les collages num\u00e9riques.<\/p>\n","protected":false},"excerpt":{"rendered":"<p>Ce site se veut un lieu de convergence de mes diff\u00e9rents int\u00e9r\u00eats et de diffusion de mes multiples projets. Musique, vid\u00e9o, arts et archives : les champs couverts sont larges&#8230; L&#8217;id\u00e9e est aussi de rendre accessible le plus de travaux possibles en un seul endroit virtuel pour ainsi en faciliter le partage. Les principales sections [&hellip;]<\/p>\n","protected":false},"author":1,"featured_media":0,"parent":0,"menu_order":0,"comment_status":"closed","ping_status":"closed","template":"","meta":{"footnotes":""},"categories":[19],"tags":[],"class_list":["post-564","page","type-page","status-publish","hentry","category-general"],"_links":{"self":[{"href":"https:\/\/simoncotelapointe.com\/wp-json\/wp\/v2\/pages\/564","targetHints":{"allow":["GET"]}}],"collection":[{"href":"https:\/\/simoncotelapointe.com\/wp-json\/wp\/v2\/pages"}],"about":[{"href":"https:\/\/simoncotelapointe.com\/wp-json\/wp\/v2\/types\/page"}],"author":[{"embeddable":true,"href":"https:\/\/simoncotelapointe.com\/wp-json\/wp\/v2\/users\/1"}],"replies":[{"embeddable":true,"href":"https:\/\/simoncotelapointe.com\/wp-json\/wp\/v2\/comments?post=564"}],"version-history":[{"count":1,"href":"https:\/\/simoncotelapointe.com\/wp-json\/wp\/v2\/pages\/564\/revisions"}],"predecessor-version":[{"id":2978,"href":"https:\/\/simoncotelapointe.com\/wp-json\/wp\/v2\/pages\/564\/revisions\/2978"}],"wp:attachment":[{"href":"https:\/\/simoncotelapointe.com\/wp-json\/wp\/v2\/media?parent=564"}],"wp:term":[{"taxonomy":"category","embeddable":true,"href":"https:\/\/simoncotelapointe.com\/wp-json\/wp\/v2\/categories?post=564"},{"taxonomy":"post_tag","embeddable":true,"href":"https:\/\/simoncotelapointe.com\/wp-json\/wp\/v2\/tags?post=564"}],"curies":[{"name":"wp","href":"https:\/\/api.w.org\/{rel}","templated":true}]}}